{"id":1455,"date":"2025-07-14T11:32:42","date_gmt":"2025-07-14T10:32:42","guid":{"rendered":"https:\/\/lektueren-verstehen.de\/infothek\/?page_id=1455"},"modified":"2026-02-05T18:13:31","modified_gmt":"2026-02-05T17:13:31","slug":"barrierefreiheit","status":"publish","type":"page","link":"https:\/\/lektueren-verstehen.de\/infothek\/barrierefreiheit\/","title":{"rendered":"Barrierefreiheit"},"content":{"rendered":"<p>[et_pb_section fb_built=&#8220;1&#8243; _builder_version=&#8220;4.27.4&#8243; _module_preset=&#8220;default&#8220; global_colors_info=&#8220;{}&#8220;][et_pb_row _builder_version=&#8220;4.27.4&#8243; _module_preset=&#8220;default&#8220; global_colors_info=&#8220;{}&#8220;][et_pb_column type=&#8220;4_4&#8243; _builder_version=&#8220;4.27.4&#8243; _module_preset=&#8220;default&#8220; global_colors_info=&#8220;{}&#8220;][et_pb_text _builder_version=&#8220;4.27.4&#8243; _module_preset=&#8220;default&#8220; hover_enabled=&#8220;0&#8243; global_colors_info=&#8220;{}&#8220; sticky_enabled=&#8220;0&#8243;]<\/p>\n<h1>ERKL\u00c4RUNG ZUR BARRIEREFREIHEIT<\/h1>\n<p>Im Rahmen unserer Barrierefreiheitserkl\u00e4rung m\u00f6chten wir Ihnen einen \u00dcberblick \u00fcber den Stand der Vereinbarkeit der unten beschriebenen Dienstleistung(en) mit den Anforderungen der Barrierefreiheit nach gesetzlichen Vorschriften (insbesondere mit dem Barrierefreiheitsst\u00e4rkungsgesetz \u2013 BFSG) geben.<\/p>\n<h2>ANGABEN ZUM DIENSTLEISTUNGSERBRINGER<\/h2>\n<p>PONS Langenscheidt GmbH<br \/>St\u00f6ckachstra\u00dfe 11<br \/>70190 Stuttgart<\/p>\n<h2>ALLGEMEINE BESCHREIBUNG DER DIENSTLEISTUNG<\/h2>\n<p>Betrieb und Vertrieb von Schul- und Lekt\u00fcrenhilfen<\/p>\n<h2>ERL\u00c4UTERUNGEN ZUR DURCHF\u00dcHRUNG DER DIENSTLEISTUNG<\/h2>\n<p>Es werden verschiedene digitale und analoge Lekt\u00fcren- und Lernhilfen \u00fcber diese eCommerce Plattform angeboten.<\/p>\n<h2>STAND DER VEREINBARKEIT MIT DEN ANFORDERUNGEN<\/h2>\n<p>Die oben genannte Dienstleistung ist teilweise mit dem Barrierefreiheitsst\u00e4rkungsgesetz (BFSG) vereinbar.<\/p>\n<p>Folgende Teile\/Inhalte\/Funktionen der Dienstleistung sind nicht barrierefrei:<\/p>\n<p>Der Einsatz von Screenreadern wird unterst\u00fctzung und auch die Kontrastwerte und Zoomfunktion erf\u00fcllt den WCAG 2.1 A Standard. Die Kontastwerte der Buttons und Links sind sehr gut, die Navigation per Tastatur wird unterst\u00fctzt. Die Struktur der \u00dcberschriften kann von der Vorgabe abweichen. Die Texte sind gr\u00f6\u00dfenverstellbar. Einige Kontrastwerte f\u00fcr Beschreibungstexte k\u00f6nnen verbessert werden.<\/p>\n<h3>BARRIEREFREIE ALTERNATIVEN<\/h3>\n<div>Sie erreichen uns telefonisch oder per E-Mail.<\/div>\n<p>Erstellung der Barrierefreiheitserkl\u00e4rung<\/p>\n<p>Datum der Erstellung der Barrierefreiheitserkl\u00e4rung: 27.06.2025<br \/>Datum der letzten \u00dcberpr\u00fcfung der o. g. Leistungen hinsichtlich der Anforderungen zur Barrierefreiheit: 27.06.2025<\/p>\n<h2>EINSCH\u00c4TZUNG ZUM STAND DER BARRIEREFREIHEIT<\/h2>\n<p>Die Einsch\u00e4tzung zum Stand der Barrierefreiheit beruht auf unserer Selbsteinsch\u00e4tzung nach dem WCAG 2.1 AA Standard.<\/p>\n<p>[\/et_pb_text][\/et_pb_column][\/et_pb_row][\/et_pb_section]<\/p>\n","protected":false},"excerpt":{"rendered":"<p>ERKL\u00c4RUNG ZUR BARRIEREFREIHEIT Im Rahmen unserer Barrierefreiheitserkl\u00e4rung m\u00f6chten wir Ihnen einen \u00dcberblick \u00fcber den Stand der Vereinbarkeit der unten beschriebenen Dienstleistung(en) mit den Anforderungen der Barrierefreiheit nach gesetzlichen Vorschriften (insbesondere mit dem Barrierefreiheitsst\u00e4rkungsgesetz \u2013 BFSG) geben. ANGABEN ZUM DIENSTLEISTUNGSERBRINGER PONS Langenscheidt GmbHSt\u00f6ckachstra\u00dfe 1170190 Stuttgart ALLGEMEINE BESCHREIBUNG DER DIENSTLEISTUNG Betrieb und Vertrieb von Schul- und Lekt\u00fcrenhilfen [&hellip;]<\/p>\n","protected":false},"author":4,"featured_media":0,"parent":0,"menu_order":0,"comment_status":"closed","ping_status":"closed","template":"","meta":{"_et_pb_use_builder":"on","_et_pb_old_content":"","_et_gb_content_width":"","footnotes":""},"class_list":["post-1455","page","type-page","status-publish","hentry"],"yoast_head":"<!-- This site is optimized with the Yoast SEO plugin v24.8.1 - https:\/\/yoast.com\/wordpress\/plugins\/seo\/ -->\n<title>Barrierefreiheit - K\u00f6nigs Erl\u00e4uterungen \u2013 Infothek<\/title>\n<meta name=\"robots\" content=\"index, follow, max-snippet:-1, max-image-preview:large, max-video-preview:-1\" \/>\n<link rel=\"canonical\" href=\"https:\/\/lektueren-verstehen.de\/infothek\/barrierefreiheit\/\" \/>\n<meta property=\"og:locale\" content=\"de_DE\" \/>\n<meta property=\"og:type\" content=\"article\" \/>\n<meta property=\"og:title\" content=\"Barrierefreiheit - K\u00f6nigs Erl\u00e4uterungen \u2013 Infothek\" \/>\n<meta property=\"og:description\" content=\"ERKL\u00c4RUNG ZUR BARRIEREFREIHEIT Im Rahmen unserer Barrierefreiheitserkl\u00e4rung m\u00f6chten wir Ihnen einen \u00dcberblick \u00fcber den Stand der Vereinbarkeit der unten beschriebenen Dienstleistung(en) mit den Anforderungen der Barrierefreiheit nach gesetzlichen Vorschriften (insbesondere mit dem Barrierefreiheitsst\u00e4rkungsgesetz \u2013 BFSG) geben. ANGABEN ZUM DIENSTLEISTUNGSERBRINGER PONS Langenscheidt GmbHSt\u00f6ckachstra\u00dfe 1170190 Stuttgart ALLGEMEINE BESCHREIBUNG DER DIENSTLEISTUNG Betrieb und Vertrieb von Schul- und Lekt\u00fcrenhilfen [&hellip;]\" \/>\n<meta property=\"og:url\" content=\"https:\/\/lektueren-verstehen.de\/infothek\/barrierefreiheit\/\" \/>\n<meta property=\"og:site_name\" content=\"K\u00f6nigs Erl\u00e4uterungen \u2013 Infothek\" \/>\n<meta property=\"article:modified_time\" content=\"2026-02-05T17:13:31+00:00\" \/>\n<meta name=\"twitter:card\" content=\"summary_large_image\" \/>\n<meta name=\"twitter:label1\" content=\"Gesch\u00e4tzte Lesezeit\" \/>\n\t<meta name=\"twitter:data1\" content=\"1\u00a0Minute\" \/>\n<script type=\"application\/ld+json\" class=\"yoast-schema-graph\">{\"@context\":\"https:\/\/schema.org\",\"@graph\":[{\"@type\":\"WebPage\",\"@id\":\"https:\/\/lektueren-verstehen.de\/infothek\/barrierefreiheit\/\",\"url\":\"https:\/\/lektueren-verstehen.de\/infothek\/barrierefreiheit\/\",\"name\":\"Barrierefreiheit - K\u00f6nigs Erl\u00e4uterungen \u2013 Infothek\",\"isPartOf\":{\"@id\":\"https:\/\/lektueren-verstehen.de\/infothek\/#website\"},\"datePublished\":\"2025-07-14T10:32:42+00:00\",\"dateModified\":\"2026-02-05T17:13:31+00:00\",\"breadcrumb\":{\"@id\":\"https:\/\/lektueren-verstehen.de\/infothek\/barrierefreiheit\/#breadcrumb\"},\"inLanguage\":\"de\",\"potentialAction\":[{\"@type\":\"ReadAction\",\"target\":[\"https:\/\/lektueren-verstehen.de\/infothek\/barrierefreiheit\/\"]}]},{\"@type\":\"BreadcrumbList\",\"@id\":\"https:\/\/lektueren-verstehen.de\/infothek\/barrierefreiheit\/#breadcrumb\",\"itemListElement\":[{\"@type\":\"ListItem\",\"position\":1,\"name\":\"Home\",\"item\":\"https:\/\/lektueren-verstehen.de\/infothek\/\"},{\"@type\":\"ListItem\",\"position\":2,\"name\":\"Barrierefreiheit\"}]},{\"@type\":\"WebSite\",\"@id\":\"https:\/\/lektueren-verstehen.de\/infothek\/#website\",\"url\":\"https:\/\/lektueren-verstehen.de\/infothek\/\",\"name\":\"K\u00f6nigs Erl\u00e4uterungen \u2013 Infothek\",\"description\":\"Das Lekt\u00fcrehilfe-Portal\",\"publisher\":{\"@id\":\"https:\/\/lektueren-verstehen.de\/infothek\/#organization\"},\"potentialAction\":[{\"@type\":\"SearchAction\",\"target\":{\"@type\":\"EntryPoint\",\"urlTemplate\":\"https:\/\/lektueren-verstehen.de\/infothek\/?s={search_term_string}\"},\"query-input\":{\"@type\":\"PropertyValueSpecification\",\"valueRequired\":true,\"valueName\":\"search_term_string\"}}],\"inLanguage\":\"de\"},{\"@type\":\"Organization\",\"@id\":\"https:\/\/lektueren-verstehen.de\/infothek\/#organization\",\"name\":\"C. Bange Verlag GmbH\",\"url\":\"https:\/\/lektueren-verstehen.de\/infothek\/\",\"logo\":{\"@type\":\"ImageObject\",\"inLanguage\":\"de\",\"@id\":\"https:\/\/lektueren-verstehen.de\/infothek\/#\/schema\/logo\/image\/\",\"url\":\"https:\/\/lektueren-verstehen.de\/infothek\/wp-content\/uploads\/2019\/12\/bange_logo.b74e66a0.png\",\"contentUrl\":\"https:\/\/lektueren-verstehen.de\/infothek\/wp-content\/uploads\/2019\/12\/bange_logo.b74e66a0.png\",\"width\":417,\"height\":183,\"caption\":\"C. Bange Verlag GmbH\"},\"image\":{\"@id\":\"https:\/\/lektueren-verstehen.de\/infothek\/#\/schema\/logo\/image\/\"}}]}<\/script>\n<!-- \/ Yoast SEO plugin. -->","yoast_head_json":{"title":"Barrierefreiheit - K\u00f6nigs Erl\u00e4uterungen \u2013 Infothek","robots":{"index":"index","follow":"follow","max-snippet":"max-snippet:-1","max-image-preview":"max-image-preview:large","max-video-preview":"max-video-preview:-1"},"canonical":"https:\/\/lektueren-verstehen.de\/infothek\/barrierefreiheit\/","og_locale":"de_DE","og_type":"article","og_title":"Barrierefreiheit - K\u00f6nigs Erl\u00e4uterungen \u2013 Infothek","og_description":"ERKL\u00c4RUNG ZUR BARRIEREFREIHEIT Im Rahmen unserer Barrierefreiheitserkl\u00e4rung m\u00f6chten wir Ihnen einen \u00dcberblick \u00fcber den Stand der Vereinbarkeit der unten beschriebenen Dienstleistung(en) mit den Anforderungen der Barrierefreiheit nach gesetzlichen Vorschriften (insbesondere mit dem Barrierefreiheitsst\u00e4rkungsgesetz \u2013 BFSG) geben. ANGABEN ZUM DIENSTLEISTUNGSERBRINGER PONS Langenscheidt GmbHSt\u00f6ckachstra\u00dfe 1170190 Stuttgart ALLGEMEINE BESCHREIBUNG DER DIENSTLEISTUNG Betrieb und Vertrieb von Schul- und Lekt\u00fcrenhilfen [&hellip;]","og_url":"https:\/\/lektueren-verstehen.de\/infothek\/barrierefreiheit\/","og_site_name":"K\u00f6nigs Erl\u00e4uterungen \u2013 Infothek","article_modified_time":"2026-02-05T17:13:31+00:00","twitter_card":"summary_large_image","twitter_misc":{"Gesch\u00e4tzte Lesezeit":"1\u00a0Minute"},"schema":{"@context":"https:\/\/schema.org","@graph":[{"@type":"WebPage","@id":"https:\/\/lektueren-verstehen.de\/infothek\/barrierefreiheit\/","url":"https:\/\/lektueren-verstehen.de\/infothek\/barrierefreiheit\/","name":"Barrierefreiheit - K\u00f6nigs Erl\u00e4uterungen \u2013 Infothek","isPartOf":{"@id":"https:\/\/lektueren-verstehen.de\/infothek\/#website"},"datePublished":"2025-07-14T10:32:42+00:00","dateModified":"2026-02-05T17:13:31+00:00","breadcrumb":{"@id":"https:\/\/lektueren-verstehen.de\/infothek\/barrierefreiheit\/#breadcrumb"},"inLanguage":"de","potentialAction":[{"@type":"ReadAction","target":["https:\/\/lektueren-verstehen.de\/infothek\/barrierefreiheit\/"]}]},{"@type":"BreadcrumbList","@id":"https:\/\/lektueren-verstehen.de\/infothek\/barrierefreiheit\/#breadcrumb","itemListElement":[{"@type":"ListItem","position":1,"name":"Home","item":"https:\/\/lektueren-verstehen.de\/infothek\/"},{"@type":"ListItem","position":2,"name":"Barrierefreiheit"}]},{"@type":"WebSite","@id":"https:\/\/lektueren-verstehen.de\/infothek\/#website","url":"https:\/\/lektueren-verstehen.de\/infothek\/","name":"K\u00f6nigs Erl\u00e4uterungen \u2013 Infothek","description":"Das Lekt\u00fcrehilfe-Portal","publisher":{"@id":"https:\/\/lektueren-verstehen.de\/infothek\/#organization"},"potentialAction":[{"@type":"SearchAction","target":{"@type":"EntryPoint","urlTemplate":"https:\/\/lektueren-verstehen.de\/infothek\/?s={search_term_string}"},"query-input":{"@type":"PropertyValueSpecification","valueRequired":true,"valueName":"search_term_string"}}],"inLanguage":"de"},{"@type":"Organization","@id":"https:\/\/lektueren-verstehen.de\/infothek\/#organization","name":"C. Bange Verlag GmbH","url":"https:\/\/lektueren-verstehen.de\/infothek\/","logo":{"@type":"ImageObject","inLanguage":"de","@id":"https:\/\/lektueren-verstehen.de\/infothek\/#\/schema\/logo\/image\/","url":"https:\/\/lektueren-verstehen.de\/infothek\/wp-content\/uploads\/2019\/12\/bange_logo.b74e66a0.png","contentUrl":"https:\/\/lektueren-verstehen.de\/infothek\/wp-content\/uploads\/2019\/12\/bange_logo.b74e66a0.png","width":417,"height":183,"caption":"C. Bange Verlag GmbH"},"image":{"@id":"https:\/\/lektueren-verstehen.de\/infothek\/#\/schema\/logo\/image\/"}}]}},"_links":{"self":[{"href":"https:\/\/lektueren-verstehen.de\/infothek\/wp-json\/wp\/v2\/pages\/1455","targetHints":{"allow":["GET"]}}],"collection":[{"href":"https:\/\/lektueren-verstehen.de\/infothek\/wp-json\/wp\/v2\/pages"}],"about":[{"href":"https:\/\/lektueren-verstehen.de\/infothek\/wp-json\/wp\/v2\/types\/page"}],"author":[{"embeddable":true,"href":"https:\/\/lektueren-verstehen.de\/infothek\/wp-json\/wp\/v2\/users\/4"}],"replies":[{"embeddable":true,"href":"https:\/\/lektueren-verstehen.de\/infothek\/wp-json\/wp\/v2\/comments?post=1455"}],"version-history":[{"count":6,"href":"https:\/\/lektueren-verstehen.de\/infothek\/wp-json\/wp\/v2\/pages\/1455\/revisions"}],"predecessor-version":[{"id":1479,"href":"https:\/\/lektueren-verstehen.de\/infothek\/wp-json\/wp\/v2\/pages\/1455\/revisions\/1479"}],"wp:attachment":[{"href":"https:\/\/lektueren-verstehen.de\/infothek\/wp-json\/wp\/v2\/media?parent=1455"}],"curies":[{"name":"wp","href":"https:\/\/api.w.org\/{rel}","templated":true}]}}