{"id":711,"date":"2021-07-06T08:02:12","date_gmt":"2021-07-06T08:02:12","guid":{"rendered":"https:\/\/lektueren-verstehen.de\/infothek\/?page_id=711"},"modified":"2023-04-25T16:46:56","modified_gmt":"2023-04-25T15:46:56","slug":"der-verlag","status":"publish","type":"page","link":"https:\/\/lektueren-verstehen.de\/infothek\/der-verlag\/","title":{"rendered":"Der Verlag"},"content":{"rendered":"<p>[et_pb_section fb_built=&#8220;1&#8243; admin_label=&#8220;section&#8220; _builder_version=&#8220;4.16&#8243; global_colors_info=&#8220;{}&#8220;][et_pb_row column_structure=&#8220;2_3,1_3&#8243; admin_label=&#8220;row&#8220; _builder_version=&#8220;4.16&#8243; background_size=&#8220;initial&#8220; background_position=&#8220;top_left&#8220; background_repeat=&#8220;repeat&#8220; global_colors_info=&#8220;{}&#8220;][et_pb_column type=&#8220;2_3&#8243; _builder_version=&#8220;4.16&#8243; custom_padding=&#8220;|||&#8220; global_colors_info=&#8220;{}&#8220; custom_padding__hover=&#8220;|||&#8220;][et_pb_text admin_label=&#8220;Text&#8220; _builder_version=&#8220;4.16&#8243; background_size=&#8220;initial&#8220; background_position=&#8220;top_left&#8220; background_repeat=&#8220;repeat&#8220; global_colors_info=&#8220;{}&#8220;]<\/p>\n<h2>K\u00f6nigs Erl\u00e4uterungen sparen Zeit!<\/h2>\n<p>Die Lekt\u00fcrehilfenreihe \u201eK\u00f6nigs Erl\u00e4uterungen\u201c ist Teil des\u00a0<a style=\"color: #007bff;\" href=\"https:\/\/www.bange-verlag.de\/\">C. Bange Verlags<\/a>, der seinen Sitz im oberfr\u00e4nkischen Hollfeld hat. Die zuverl\u00e4ssigen Analysen und Interpretationen zu klassischen und modernen literarischen Werken richten sich an Sch\u00fcler, Lehrer und andere Literaturinteressierte. Mit \u00fcber 200 lieferbaren Titeln sind unsere \u201eK\u00f6nigs Erl\u00e4uterungen\u201c die umfangreichste deutschsprachige Interpretationsreihe.<\/p>\n<h2>Geschichte<\/h2>\n<p>Die Geschichte der bekannten Textanalysen geht bis 1897 zur\u00fcck. Vor \u00fcber 120 Jahren erwarb also Hermann Beyer, dem sp\u00e4ter auch der C. Bange Verlag geh\u00f6rte, die Lekt\u00fcrehilfenreihe \u201eDr. Wilhelms K\u00f6nigs Erl\u00e4uterungen zu den Klassikern\u201c. Im selben Jahr erschien auch der erste Band: \u201eWilhelm Tell\u201c von Friedrich von Schiller wurde analysiert und interpretiert. Im Jahr 1976 \u00e4nderten sich das Layout und der Name der Interpretationsreihe. Unter \u201eK\u00f6nigs Erl\u00e4uterungen und Materialien\u201c wurde die Reihe weiter ausgebaut. Heute ist die Reihe \u201eK\u00f6nigs Erl\u00e4uterungen\u201c eine der Erfolgreichsten in der DACH-Region. Im Jahr 2020 ging dann \u201eK\u00f6nigs Erl\u00e4uterungen \u2013 das Lekt\u00fcrehilfen-Portal\u201c an den Start.<\/p>\n<h2>Grundidee<\/h2>\n<p>Vor allem Sch\u00fcler und Lehrer sind die Zielgruppen unserer Lekt\u00fcrehilfen. Die Lehrer bekommen zeitsparende Unterst\u00fctzung bei der Unterrichtsvorbereitung. F\u00fcr Sch\u00fclerinnen und Sch\u00fcler stellen die Textanalysen eine sichere Pr\u00fcfungsvorbereitung und die Grundlage zur Notenverbesserung dar. In den einzelnen Titeln sind alle pr\u00fcfungsrelevanten Infos zum Werk in kompakter Form aufbereitet. Wir m\u00f6chten den Sch\u00fclern und Lehrern gro\u00dfe Recherchearbeiten ersparen, sodass der Fokus auf weiterf\u00fchrende Themen gerichtet werden kann. Zum leichteren Verst\u00e4ndnis sind in den B\u00e4nden viele klar strukturierte Schaubilder enthalten, die wichtige Sachverhalte auf einen Blick vermitteln.<\/p>\n<h2>Inhalt und Aufbau<\/h2>\n<p>Grunds\u00e4tzlich sind alle \u201eK\u00f6nigs Erl\u00e4uterungen\u201c gleich aufgebaut. Zu Beginn gibt es eine Schnell\u00fcbersicht mit allen wesentlichen Informationen zum Werk und zum Autor. Danach wird das Leben und Werk des urspr\u00fcnglichen Verfassers dargestellt. Der Hauptteil der Interpretationshilfe, die vor allem ein gro\u00dfer Helfer in der Abivorbereitung f\u00fcr das Fach Deutsch ist, besteht aus der Textanalyse und Textinterpretation. Die Kapitelzusammenfassungen sorgen f\u00fcr einen schnellen \u00dcberblick und die Randspalten mit Schl\u00fcsselbegriffen erm\u00f6glichen eine bessere Orientierung. Weiter sind die Rezeptionsgeschichte und Materialien Bestandteil der Lekt\u00fcrehilfen. Zum Abschluss kann das gelernte Wissen anhand von beispielhaften Musteraufgaben mit knapp formulierten L\u00f6sungen gepr\u00fcft werden. Insgesamt sind 4 kostenlose Abi-Aufgaben enthalten. Und durch das Stichwortverzeichnis am Ende des Titels k\u00f6nnen wichtige Textstellen schneller gefunden werden.<\/p>\n<p><strong>Die Gliederung einer \u201eK\u00f6nigs Erl\u00e4uterung\u201c sieht wie folgt aus:<\/strong><\/p>\n<ol>\n<li>1. Das Wichtigste auf einen Blick \u2013 Schnell\u00fcbersicht<\/li>\n<li>2. Autor: Leben und Werk\n<ol>\n<li>Biografie<\/li>\n<li>Zeitgeschichtlicher Hintergrund<\/li>\n<li>Angaben und Erl\u00e4uterungen zu wesentlichen Werken<\/li>\n<\/ol>\n<\/li>\n<li>3. Textanalyse und \u2013interpretation\n<ol>\n<li>Entstehung und Quellen<\/li>\n<li>Inhaltsangabe<\/li>\n<li>Aufbau<\/li>\n<li>Personenkonstellation und Charakteristiken<\/li>\n<li>Sachliche und sprachliche Erl\u00e4uterungen<\/li>\n<li>Stil und Sprache<\/li>\n<li>Interpretationsans\u00e4tze<\/li>\n<\/ol>\n<\/li>\n<li>Rezeptionsgeschichte<\/li>\n<li>Materialien<\/li>\n<li>Pr\u00fcfungsaufgaben mit Musterl\u00f6sungen<\/li>\n<\/ol>\n<ul>\n<li>Literatur<\/li>\n<li>Stichwortverzeichnis<\/li>\n<\/ul>\n<h2>K\u00f6nigs Erl\u00e4uterungen \u2013 Das Lekt\u00fcrehilfen-Portal<\/h2>\n<p>Das Lekt\u00fcrehilfen-Portal ist ein weiterer Schritt in die digitale Welt. Sch\u00fcler und Lehrer sollen die M\u00f6glichkeit haben sofort an die gew\u00fcnschten Inhalte zu kommen. Dabei spielt es keine Rolle, wo sich der Nutzer gerade aufh\u00e4lt. Der gro\u00dfe Vorteil ist, dass viele Zusatzmaterialien bereitgestellt werden, die das Lernen vereinfachen bzw. den Inhalt leichter verstehen lassen. Das Lekt\u00fcrehilfen-Portal wird immer weiter ausgebaut und bleibt nicht stehen. Seid also gespannt, was noch alles folgen wird!<\/p>\n<p>Viel Spa\u00df beim St\u00f6bern!<\/p>\n<p>[\/et_pb_text][\/et_pb_column][et_pb_column type=&#8220;1_3&#8243; _builder_version=&#8220;4.16&#8243; custom_padding=&#8220;|||&#8220; global_colors_info=&#8220;{}&#8220; custom_padding__hover=&#8220;|||&#8220;][et_pb_sidebar orientation=&#8220;right&#8220; _builder_version=&#8220;4.16&#8243; _module_preset=&#8220;default&#8220; global_colors_info=&#8220;{}&#8220;][\/et_pb_sidebar][\/et_pb_column][\/et_pb_row][\/et_pb_section]<\/p>\n","protected":false},"excerpt":{"rendered":"<p>K\u00f6nigs Erl\u00e4uterungen sparen Zeit! Die Lekt\u00fcrehilfenreihe \u201eK\u00f6nigs Erl\u00e4uterungen\u201c ist Teil des\u00a0C. Bange Verlags, der seinen Sitz im oberfr\u00e4nkischen Hollfeld hat. Die zuverl\u00e4ssigen Analysen und Interpretationen zu klassischen und modernen literarischen Werken richten sich an Sch\u00fcler, Lehrer und andere Literaturinteressierte. Mit \u00fcber 200 lieferbaren Titeln sind unsere \u201eK\u00f6nigs Erl\u00e4uterungen\u201c die umfangreichste deutschsprachige Interpretationsreihe. Geschichte Die Geschichte [&hellip;]<\/p>\n","protected":false},"author":4,"featured_media":0,"parent":0,"menu_order":0,"comment_status":"closed","ping_status":"closed","template":"","meta":{"_et_pb_use_builder":"on","_et_pb_old_content":"<h2>K\u00f6nigs Erl\u00e4uterungen sparen Zeit!<\/h2><p style=\"margin-bottom: 1rem; caret-color: #212529; color: #212529; font-family: Montserrat; font-size: 12px; font-style: normal; font-variant-caps: normal; letter-spacing: normal;\">Die Lekt\u00fcrehilfenreihe \u201eK\u00f6nigs Erl\u00e4uterungen\u201c ist Teil des\u00a0<a style=\"color: #007bff;\" href=\"https:\/\/www.bange-verlag.de\/\">C. Bange Verlags<\/a>, der seinen Sitz im oberfr\u00e4nkischen Hollfeld hat. Die zuverl\u00e4ssigen Analysen und Interpretationen zu klassischen und modernen literarischen Werken richten sich an Sch\u00fcler, Lehrer und andere Literaturinteressierte. Mit \u00fcber 200 lieferbaren Titeln sind unsere \u201eK\u00f6nigs Erl\u00e4uterungen\u201c die umfangreichste deutschsprachige Interpretationsreihe.<\/p><h2>Geschichte<\/h2><p>Die Geschichte der bekannten Textanalysen geht bis 1897 zur\u00fcck. Vor \u00fcber 120 Jahren erwarb also Hermann Beyer, dem sp\u00e4ter auch der C. Bange Verlag geh\u00f6rte, die Lekt\u00fcrehilfenreihe \u201eDr. Wilhelms K\u00f6nigs Erl\u00e4uterungen zu den Klassikern\u201c. Im selben Jahr erschien auch der erste Band: \u201eWilhelm Tell\u201c von Friedrich von Schiller wurde analysiert und interpretiert. Im Jahr 1976 \u00e4nderten sich das Layout und der Name der Interpretationsreihe. Unter \u201eK\u00f6nigs Erl\u00e4uterungen und Materialien\u201c wurde die Reihe weiter ausgebaut. Heute ist die Reihe \u201eK\u00f6nigs Erl\u00e4uterungen\u201c eine der Erfolgreichsten in der DACH-Region. Im Jahr 2020 ging dann \u201eK\u00f6nigs Erl\u00e4uterungen \u2013 das Lekt\u00fcrehilfen-Portal\u201c an den Start.<\/p><h2>Grundidee<\/h2><p>Vor allem Sch\u00fcler und Lehrer sind die Zielgruppen unserer Lekt\u00fcrehilfen. Die Lehrer bekommen zeitsparende Unterst\u00fctzung bei der Unterrichtsvorbereitung. F\u00fcr Sch\u00fclerinnen und Sch\u00fcler stellen die Textanalysen eine sichere Pr\u00fcfungsvorbereitung und die Grundlage zur Notenverbesserung dar. In den einzelnen Titeln sind alle pr\u00fcfungsrelevanten Infos zum Werk in kompakter Form aufbereitet. Wir m\u00f6chten den Sch\u00fclern und Lehrern gro\u00dfe Recherchearbeiten ersparen, sodass der Fokus auf weiterf\u00fchrende Themen gerichtet werden kann. Zum leichteren Verst\u00e4ndnis sind in den B\u00e4nden viele klar strukturierte Schaubilder enthalten, die wichtige Sachverhalte auf einen Blick vermitteln.<\/p><h2>Inhalt und Aufbau<\/h2><p>Grunds\u00e4tzlich sind alle \u201eK\u00f6nigs Erl\u00e4uterungen\u201c gleich aufgebaut. Zu Beginn gibt es eine Schnell\u00fcbersicht mit allen wesentlichen Informationen zum Werk und zum Autor. Danach wird das Leben und Werk des urspr\u00fcnglichen Verfassers dargestellt. Der Hauptteil der Interpretationshilfe, die vor allem ein gro\u00dfer Helfer in der Abivorbereitung f\u00fcr das Fach Deutsch ist, besteht aus der Textanalyse und Textinterpretation. Die Kapitelzusammenfassungen sorgen f\u00fcr einen schnellen \u00dcberblick und die Randspalten mit Schl\u00fcsselbegriffen erm\u00f6glichen eine bessere Orientierung. Weiter sind die Rezeptionsgeschichte und Materialien Bestandteil der Lekt\u00fcrehilfen. Zum Abschluss kann das gelernte Wissen anhand von beispielhaften Musteraufgaben mit knapp formulierten L\u00f6sungen gepr\u00fcft werden. Insgesamt sind 4 kostenlose Abi-Aufgaben enthalten. Und durch das Stichwortverzeichnis am Ende des Titels k\u00f6nnen wichtige Textstellen schneller gefunden werden.<\/p><p>Die Gliederung einer \u201eK\u00f6nigs Erl\u00e4uterung\u201c sieht wie folgt aus:<\/p><ol><li>1. Das Wichtigste auf einen Blick \u2013 Schnell\u00fcbersicht<\/li><li>2. Autor: Leben und Werk<ol><li>Biografie<\/li><li>Zeitgeschichtlicher Hintergrund<\/li><li>Angaben und Erl\u00e4uterungen zu wesentlichen Werken<\/li><\/ol><\/li><li>3. Textanalyse und \u2013interpretation<ol><li>Entstehung und Quellen<\/li><li>Inhaltsangabe<\/li><li>Aufbau<\/li><li>Personenkonstellation und Charakteristiken<\/li><li>Sachliche und sprachliche Erl\u00e4uterungen<\/li><li>Stil und Sprache<\/li><li>Interpretationsans\u00e4tze<\/li><\/ol><\/li><li>Rezeptionsgeschichte<\/li><li>Materialien<\/li><li>Pr\u00fcfungsaufgaben mit Musterl\u00f6sungen<\/li><\/ol><ul><li>Literatur<\/li><li>Stichwortverzeichnis<\/li><\/ul><h2>K\u00f6nigs Erl\u00e4uterungen \u2013 Das Lekt\u00fcrehilfen-Portal<\/h2><p>Das Lekt\u00fcrehilfen-Portal ist ein weiterer Schritt in die digitale Welt. Sch\u00fcler und Lehrer sollen die M\u00f6glichkeit haben sofort an die gew\u00fcnschten Inhalte zu kommen. Dabei spielt es keine Rolle, wo sich der Nutzer gerade aufh\u00e4lt. Der gro\u00dfe Vorteil ist, dass viele Zusatzmaterialien bereitgestellt werden, die das Lernen vereinfachen bzw. den Inhalt leichter verstehen lassen. Das Lekt\u00fcrehilfen-Portal wird immer weiter ausgebaut und bleibt nicht stehen. Seid also gespannt, was noch alles folgen wird!<\/p><p>Viel Spa\u00df beim St\u00f6bern!<\/p>","_et_gb_content_width":"","footnotes":""},"class_list":["post-711","page","type-page","status-publish","hentry"],"yoast_head":"<!-- This site is optimized with the Yoast SEO plugin v24.8.1 - https:\/\/yoast.com\/wordpress\/plugins\/seo\/ -->\n<title>K\u00f6nigs Erl\u00e4uterungen \u2013 Historie und die Grundidee<\/title>\n<meta name=\"description\" content=\"Das Lekt\u00fcrehilfen-Portal ist ein weiterer Schritt in die digitale Welt. Sch\u00fcler und Lehrer sollen die M\u00f6glichkeit haben sofort an die gew\u00fcnschten Inhalte zu kommen.\" \/>\n<meta name=\"robots\" content=\"index, follow, max-snippet:-1, max-image-preview:large, max-video-preview:-1\" \/>\n<link rel=\"canonical\" href=\"https:\/\/lektueren-verstehen.de\/infothek\/der-verlag\/\" \/>\n<meta property=\"og:locale\" content=\"de_DE\" \/>\n<meta property=\"og:type\" content=\"article\" \/>\n<meta property=\"og:title\" content=\"K\u00f6nigs Erl\u00e4uterungen \u2013 Historie und die Grundidee\" \/>\n<meta property=\"og:description\" content=\"Das Lekt\u00fcrehilfen-Portal ist ein weiterer Schritt in die digitale Welt. Sch\u00fcler und Lehrer sollen die M\u00f6glichkeit haben sofort an die gew\u00fcnschten Inhalte zu kommen.\" \/>\n<meta property=\"og:url\" content=\"https:\/\/lektueren-verstehen.de\/infothek\/der-verlag\/\" \/>\n<meta property=\"og:site_name\" content=\"K\u00f6nigs Erl\u00e4uterungen \u2013 Infothek\" \/>\n<meta property=\"article:modified_time\" content=\"2023-04-25T15:46:56+00:00\" \/>\n<meta name=\"twitter:card\" content=\"summary_large_image\" \/>\n<meta name=\"twitter:label1\" content=\"Gesch\u00e4tzte Lesezeit\" \/>\n\t<meta name=\"twitter:data1\" content=\"3\u00a0Minuten\" \/>\n<script type=\"application\/ld+json\" class=\"yoast-schema-graph\">{\"@context\":\"https:\/\/schema.org\",\"@graph\":[{\"@type\":\"WebPage\",\"@id\":\"https:\/\/lektueren-verstehen.de\/infothek\/der-verlag\/\",\"url\":\"https:\/\/lektueren-verstehen.de\/infothek\/der-verlag\/\",\"name\":\"K\u00f6nigs Erl\u00e4uterungen \u2013 Historie und die Grundidee\",\"isPartOf\":{\"@id\":\"https:\/\/lektueren-verstehen.de\/infothek\/#website\"},\"datePublished\":\"2021-07-06T08:02:12+00:00\",\"dateModified\":\"2023-04-25T15:46:56+00:00\",\"description\":\"Das Lekt\u00fcrehilfen-Portal ist ein weiterer Schritt in die digitale Welt. Sch\u00fcler und Lehrer sollen die M\u00f6glichkeit haben sofort an die gew\u00fcnschten Inhalte zu kommen.\",\"breadcrumb\":{\"@id\":\"https:\/\/lektueren-verstehen.de\/infothek\/der-verlag\/#breadcrumb\"},\"inLanguage\":\"de\",\"potentialAction\":[{\"@type\":\"ReadAction\",\"target\":[\"https:\/\/lektueren-verstehen.de\/infothek\/der-verlag\/\"]}]},{\"@type\":\"BreadcrumbList\",\"@id\":\"https:\/\/lektueren-verstehen.de\/infothek\/der-verlag\/#breadcrumb\",\"itemListElement\":[{\"@type\":\"ListItem\",\"position\":1,\"name\":\"Home\",\"item\":\"https:\/\/lektueren-verstehen.de\/infothek\/\"},{\"@type\":\"ListItem\",\"position\":2,\"name\":\"Der Verlag\"}]},{\"@type\":\"WebSite\",\"@id\":\"https:\/\/lektueren-verstehen.de\/infothek\/#website\",\"url\":\"https:\/\/lektueren-verstehen.de\/infothek\/\",\"name\":\"K\u00f6nigs Erl\u00e4uterungen \u2013 Infothek\",\"description\":\"Das Lekt\u00fcrehilfe-Portal\",\"publisher\":{\"@id\":\"https:\/\/lektueren-verstehen.de\/infothek\/#organization\"},\"potentialAction\":[{\"@type\":\"SearchAction\",\"target\":{\"@type\":\"EntryPoint\",\"urlTemplate\":\"https:\/\/lektueren-verstehen.de\/infothek\/?s={search_term_string}\"},\"query-input\":{\"@type\":\"PropertyValueSpecification\",\"valueRequired\":true,\"valueName\":\"search_term_string\"}}],\"inLanguage\":\"de\"},{\"@type\":\"Organization\",\"@id\":\"https:\/\/lektueren-verstehen.de\/infothek\/#organization\",\"name\":\"C. Bange Verlag GmbH\",\"url\":\"https:\/\/lektueren-verstehen.de\/infothek\/\",\"logo\":{\"@type\":\"ImageObject\",\"inLanguage\":\"de\",\"@id\":\"https:\/\/lektueren-verstehen.de\/infothek\/#\/schema\/logo\/image\/\",\"url\":\"https:\/\/lektueren-verstehen.de\/infothek\/wp-content\/uploads\/2019\/12\/bange_logo.b74e66a0.png\",\"contentUrl\":\"https:\/\/lektueren-verstehen.de\/infothek\/wp-content\/uploads\/2019\/12\/bange_logo.b74e66a0.png\",\"width\":417,\"height\":183,\"caption\":\"C. Bange Verlag GmbH\"},\"image\":{\"@id\":\"https:\/\/lektueren-verstehen.de\/infothek\/#\/schema\/logo\/image\/\"}}]}<\/script>\n<!-- \/ Yoast SEO plugin. -->","yoast_head_json":{"title":"K\u00f6nigs Erl\u00e4uterungen \u2013 Historie und die Grundidee","description":"Das Lekt\u00fcrehilfen-Portal ist ein weiterer Schritt in die digitale Welt. Sch\u00fcler und Lehrer sollen die M\u00f6glichkeit haben sofort an die gew\u00fcnschten Inhalte zu kommen.","robots":{"index":"index","follow":"follow","max-snippet":"max-snippet:-1","max-image-preview":"max-image-preview:large","max-video-preview":"max-video-preview:-1"},"canonical":"https:\/\/lektueren-verstehen.de\/infothek\/der-verlag\/","og_locale":"de_DE","og_type":"article","og_title":"K\u00f6nigs Erl\u00e4uterungen \u2013 Historie und die Grundidee","og_description":"Das Lekt\u00fcrehilfen-Portal ist ein weiterer Schritt in die digitale Welt. Sch\u00fcler und Lehrer sollen die M\u00f6glichkeit haben sofort an die gew\u00fcnschten Inhalte zu kommen.","og_url":"https:\/\/lektueren-verstehen.de\/infothek\/der-verlag\/","og_site_name":"K\u00f6nigs Erl\u00e4uterungen \u2013 Infothek","article_modified_time":"2023-04-25T15:46:56+00:00","twitter_card":"summary_large_image","twitter_misc":{"Gesch\u00e4tzte Lesezeit":"3\u00a0Minuten"},"schema":{"@context":"https:\/\/schema.org","@graph":[{"@type":"WebPage","@id":"https:\/\/lektueren-verstehen.de\/infothek\/der-verlag\/","url":"https:\/\/lektueren-verstehen.de\/infothek\/der-verlag\/","name":"K\u00f6nigs Erl\u00e4uterungen \u2013 Historie und die Grundidee","isPartOf":{"@id":"https:\/\/lektueren-verstehen.de\/infothek\/#website"},"datePublished":"2021-07-06T08:02:12+00:00","dateModified":"2023-04-25T15:46:56+00:00","description":"Das Lekt\u00fcrehilfen-Portal ist ein weiterer Schritt in die digitale Welt. Sch\u00fcler und Lehrer sollen die M\u00f6glichkeit haben sofort an die gew\u00fcnschten Inhalte zu kommen.","breadcrumb":{"@id":"https:\/\/lektueren-verstehen.de\/infothek\/der-verlag\/#breadcrumb"},"inLanguage":"de","potentialAction":[{"@type":"ReadAction","target":["https:\/\/lektueren-verstehen.de\/infothek\/der-verlag\/"]}]},{"@type":"BreadcrumbList","@id":"https:\/\/lektueren-verstehen.de\/infothek\/der-verlag\/#breadcrumb","itemListElement":[{"@type":"ListItem","position":1,"name":"Home","item":"https:\/\/lektueren-verstehen.de\/infothek\/"},{"@type":"ListItem","position":2,"name":"Der Verlag"}]},{"@type":"WebSite","@id":"https:\/\/lektueren-verstehen.de\/infothek\/#website","url":"https:\/\/lektueren-verstehen.de\/infothek\/","name":"K\u00f6nigs Erl\u00e4uterungen \u2013 Infothek","description":"Das Lekt\u00fcrehilfe-Portal","publisher":{"@id":"https:\/\/lektueren-verstehen.de\/infothek\/#organization"},"potentialAction":[{"@type":"SearchAction","target":{"@type":"EntryPoint","urlTemplate":"https:\/\/lektueren-verstehen.de\/infothek\/?s={search_term_string}"},"query-input":{"@type":"PropertyValueSpecification","valueRequired":true,"valueName":"search_term_string"}}],"inLanguage":"de"},{"@type":"Organization","@id":"https:\/\/lektueren-verstehen.de\/infothek\/#organization","name":"C. Bange Verlag GmbH","url":"https:\/\/lektueren-verstehen.de\/infothek\/","logo":{"@type":"ImageObject","inLanguage":"de","@id":"https:\/\/lektueren-verstehen.de\/infothek\/#\/schema\/logo\/image\/","url":"https:\/\/lektueren-verstehen.de\/infothek\/wp-content\/uploads\/2019\/12\/bange_logo.b74e66a0.png","contentUrl":"https:\/\/lektueren-verstehen.de\/infothek\/wp-content\/uploads\/2019\/12\/bange_logo.b74e66a0.png","width":417,"height":183,"caption":"C. Bange Verlag GmbH"},"image":{"@id":"https:\/\/lektueren-verstehen.de\/infothek\/#\/schema\/logo\/image\/"}}]}},"_links":{"self":[{"href":"https:\/\/lektueren-verstehen.de\/infothek\/wp-json\/wp\/v2\/pages\/711","targetHints":{"allow":["GET"]}}],"collection":[{"href":"https:\/\/lektueren-verstehen.de\/infothek\/wp-json\/wp\/v2\/pages"}],"about":[{"href":"https:\/\/lektueren-verstehen.de\/infothek\/wp-json\/wp\/v2\/types\/page"}],"author":[{"embeddable":true,"href":"https:\/\/lektueren-verstehen.de\/infothek\/wp-json\/wp\/v2\/users\/4"}],"replies":[{"embeddable":true,"href":"https:\/\/lektueren-verstehen.de\/infothek\/wp-json\/wp\/v2\/comments?post=711"}],"version-history":[{"count":14,"href":"https:\/\/lektueren-verstehen.de\/infothek\/wp-json\/wp\/v2\/pages\/711\/revisions"}],"predecessor-version":[{"id":1310,"href":"https:\/\/lektueren-verstehen.de\/infothek\/wp-json\/wp\/v2\/pages\/711\/revisions\/1310"}],"wp:attachment":[{"href":"https:\/\/lektueren-verstehen.de\/infothek\/wp-json\/wp\/v2\/media?parent=711"}],"curies":[{"name":"wp","href":"https:\/\/api.w.org\/{rel}","templated":true}]}}