{"id":960,"date":"2021-09-09T10:34:37","date_gmt":"2021-09-09T08:34:37","guid":{"rendered":"https:\/\/lektueren-verstehen.de\/infothek\/?page_id=960"},"modified":"2024-10-29T17:40:58","modified_gmt":"2024-10-29T16:40:58","slug":"faq","status":"publish","type":"page","link":"https:\/\/lektueren-verstehen.de\/infothek\/faq\/","title":{"rendered":"FAQ"},"content":{"rendered":"<p>[et_pb_section fb_built=&#8220;1&#8243; _builder_version=&#8220;4.16&#8243; _module_preset=&#8220;default&#8220; global_colors_info=&#8220;{}&#8220;][et_pb_row _builder_version=&#8220;4.16&#8243; _module_preset=&#8220;default&#8220; global_colors_info=&#8220;{}&#8220;][et_pb_column type=&#8220;4_4&#8243; _builder_version=&#8220;4.16&#8243; _module_preset=&#8220;default&#8220; global_colors_info=&#8220;{}&#8220;][et_pb_text _builder_version=&#8220;4.16&#8243; _module_preset=&#8220;default&#8220; global_colors_info=&#8220;{}&#8220;]<\/p>\n<h1>FAQ (H\u00e4ufig gestellte Fragen)<\/h1>\n<p>[\/et_pb_text][et_pb_text _builder_version=&#8220;4.16&#8243; _module_preset=&#8220;default&#8220; global_colors_info=&#8220;{}&#8220;]<\/p>\n<h2>Allgemein<\/h2>\n<p>[\/et_pb_text][et_pb_accordion _builder_version=&#8220;4.27.2&#8243; _module_preset=&#8220;default&#8220; hover_enabled=&#8220;0&#8243; global_colors_info=&#8220;{}&#8220; sticky_enabled=&#8220;0&#8243;][et_pb_accordion_item title=&#8220;Erhalte ich als Lehrkraft Sonderkonditionen?&#8220; open=&#8220;on&#8220; _builder_version=&#8220;4.16&#8243; _module_preset=&#8220;default&#8220; global_colors_info=&#8220;{}&#8220;]<\/p>\n<p>F\u00fcr Lehrkr\u00e4fte bieten wir keine Sonderkonditionen an. Das Abonnement eignet sich aber besonders gut f\u00fcr Lehrende, da Zugriff auf alle verf\u00fcgbaren Titel auf dem Portal gew\u00e4hrt wird und somit uneingeschr\u00e4nkt f\u00fcr wenig Geld recherchiert werden kann.<\/p>\n<p>[\/et_pb_accordion_item][et_pb_accordion_item title=&#8220;Wie kann ich den Newsletter abbestellen?&#8220; _builder_version=&#8220;4.16&#8243; _module_preset=&#8220;default&#8220; global_colors_info=&#8220;{}&#8220; open=&#8220;off&#8220;]<\/p>\n<p>Den Newsletter kannst du unter <a href=\"https:\/\/seu.cleverreach.com\/f\/10202-143200\/wwu\/\">https:\/\/seu.cleverreach.com\/f\/10202-143200\/wwu\/<\/a> abbestellen.<\/p>\n<p>[\/et_pb_accordion_item][et_pb_accordion_item title=&#8220;Wie l\u00f6sche ich mein Benutzerkonto?&#8220; _builder_version=&#8220;4.27.2&#8243; _module_preset=&#8220;default&#8220; hover_enabled=&#8220;0&#8243; global_colors_info=&#8220;{}&#8220; open=&#8220;off&#8220; sticky_enabled=&#8220;0&#8243;]<\/p>\n<p>Melde dich in deinem Account an und <br \/>klicke einfach auf den Link: <a href=\"https:\/\/lektueren-verstehen.de\/my\/account\/\">Mein Account<\/a><\/p>\n<p>[\/et_pb_accordion_item][et_pb_accordion_item title=&#8220;Warum habe ich keine Best\u00e4tigungsmail erhalten?&#8220; _builder_version=&#8220;4.16&#8243; _module_preset=&#8220;default&#8220; global_colors_info=&#8220;{}&#8220; open=&#8220;off&#8220;]<\/p>\n<p><span>Es kann durchaus vorkommen, dass unsere Mails manchmal im Spam-Ordner landen. Schaue am besten dort nach. Ansonsten kannst du uns gerne <\/span><a href=\"https:\/\/lektueren-verstehen.de\/infothek\/kontakt\/\">kontaktieren<\/a><span>.<\/span><\/p>\n<p>[\/et_pb_accordion_item][et_pb_accordion_item title=&#8220;Warum sehe ich keine Neuerungen?&#8220; _builder_version=&#8220;4.16&#8243; _module_preset=&#8220;default&#8220; global_colors_info=&#8220;{}&#8220; open=&#8220;off&#8220;]<\/p>\n<p><span>L\u00f6sche regelm\u00e4\u00dfig deinen <a href=\"https:\/\/browser-cache-leeren.de\/\" target=\"_blank\" rel=\"noopener\">Cache<\/a>, um immer auf dem Laufenden zu bleiben.<\/span><\/p>\n<p>[\/et_pb_accordion_item][et_pb_accordion_item title=&#8220;Wie kann ich von meinem Startbildschirm aus direkt auf lektueren-verstehen.de zugreifen?&#8220; _builder_version=&#8220;4.16&#8243; _module_preset=&#8220;default&#8220; global_colors_info=&#8220;{}&#8220; open=&#8220;off&#8220;]<\/p>\n<p><strong>Android:<\/strong><br \/>\u00d6ffne den Link <a href=\"https:\/\/lektueren-verstehen.de\/\">https:\/\/lektueren-verstehen.de\/<\/a> in der Chrome App deines Smartphones und tippe auf das Men\u00fc der App.<br \/>W\u00e4hle \u201eZum Startbildschirm hinzuf\u00fcgen\u201c und danach auf \u201eHinzuf\u00fcgen\u201c und dein Lesezeichen wird gesetzt.<\/p>\n<p><strong>iOS:<\/strong><br \/>\u00d6ffne den Link <a href=\"https:\/\/lektueren-verstehen.de\/\">https:\/\/lektueren-verstehen.de\/<\/a> in der Safari App deines Smartphones und tippe im Men\u00fc auf \u201eKlicken f\u00fcr mehr Optionen\u201c.<br \/>W\u00e4hle \u201eZum Startbildschirm hinzuf\u00fcgen\u201c und dannach auf \u201eHinzuf\u00fcgen\u201c und dein Lesezeichen wird gesetzt.<\/p>\n<p>[\/et_pb_accordion_item][\/et_pb_accordion][et_pb_text _builder_version=&#8220;4.16&#8243; _module_preset=&#8220;default&#8220; custom_margin=&#8220;60px|||||&#8220; global_colors_info=&#8220;{}&#8220;]<\/p>\n<h2>Zahlungsarten<\/h2>\n<p>[\/et_pb_text][et_pb_accordion _builder_version=&#8220;4.16&#8243; _module_preset=&#8220;default&#8220; global_colors_info=&#8220;{}&#8220;][et_pb_accordion_item title=&#8220;Welche Zahlungsm\u00f6glichkeiten stehen zur Verf\u00fcgung?&#8220; open=&#8220;on&#8220; _builder_version=&#8220;4.16&#8243; _module_preset=&#8220;default&#8220; global_colors_info=&#8220;{}&#8220;]<\/p>\n<p><span>Du kannst per PayPal, Kreditkarte und Bankeinzug bezahlen.<\/span><\/p>\n<p>[\/et_pb_accordion_item][et_pb_accordion_item title=&#8220;Kann ich mit jeder beliebigen Kreditkarte bezahlen?&#8220; _builder_version=&#8220;4.16&#8243; _module_preset=&#8220;default&#8220; global_colors_info=&#8220;{}&#8220; open=&#8220;off&#8220;]<\/p>\n<p><span>Ein Einzelkauf kann mit jeder beliebigen Kreditkarte ausgef\u00fchrt werden. Das Abonnement sollte mit allen Kreditkarten au\u00dfer der MasterCard Maestro Kreditkarte abgeschlossen werden k\u00f6nnen. MasterCard hat sich dazu entschlossen, dass Maestro Kreditkarten nicht f\u00fcr wiederkehrende Zahlungen genutzt werden k\u00f6nnen.Falls du \u00fcber keine andere Kreditkarte verf\u00fcgst, kannst du alternativ auch per PayPal bezahlen.<\/span><\/p>\n<p>[\/et_pb_accordion_item][et_pb_accordion_item title=&#8220;Kann das Geld auch \u00fcberwiesen werden?&#8220; _builder_version=&#8220;4.16&#8243; _module_preset=&#8220;default&#8220; global_colors_info=&#8220;{}&#8220; open=&#8220;off&#8220;]<\/p>\n<p>Leider bieten wir die Zahlungsart \u201eRechnung\u201c nicht an. Du hast die Wahl zwischen PayPal, Kreditkarte und Bankeinzug.<\/p>\n<p>[\/et_pb_accordion_item][et_pb_accordion_item title=&#8220;Wie \u00e4ndere ich meine angegebene Zahlungsmethode?&#8220; _builder_version=&#8220;4.16&#8243; _module_preset=&#8220;default&#8220; global_colors_info=&#8220;{}&#8220; open=&#8220;off&#8220;]<\/p>\n<p><span>Du kannst deine Zahlungsmethode bei jedem neuen Einkauf erneut festlegen oder bei Paypal \u00e4ndern.<\/span><\/p>\n<p>[\/et_pb_accordion_item][\/et_pb_accordion][et_pb_text _builder_version=&#8220;4.16&#8243; _module_preset=&#8220;default&#8220; custom_margin=&#8220;60px|||||&#8220; global_colors_info=&#8220;{}&#8220;]<\/p>\n<h2>Produkte<\/h2>\n<p>[\/et_pb_text][et_pb_accordion _builder_version=&#8220;4.16&#8243; _module_preset=&#8220;default&#8220; global_colors_info=&#8220;{}&#8220;][et_pb_accordion_item title=&#8220;Welche Produkte werden auf dem Lekt\u00fcrehilfen Portal von K\u00f6nigs Erl\u00e4uterungen angeboten?&#8220; open=&#8220;on&#8220; _builder_version=&#8220;4.16&#8243; _module_preset=&#8220;default&#8220; global_colors_info=&#8220;{}&#8220;]<\/p>\n<p><span>Du findest hier s\u00e4mtliche Lekt\u00fcrehilfen und einige Filmanalysen. K\u00f6nigs Erl\u00e4uterungen helfen dir den Inhalt deiner Schullekt\u00fcre besser zu verstehen und ersparen dir viel Recherchearbeit. Auch Lehrkr\u00e4ften f\u00e4llt die Unterrichtvorbereitung somit viel leichter und gelingt schneller.<\/span><\/p>\n<p>[\/et_pb_accordion_item][et_pb_accordion_item title=&#8220;Kann ich die mir zur Verf\u00fcgung stehenden Lekt\u00fcrehilfen herunterladen?&#8220; _builder_version=&#8220;4.16&#8243; _module_preset=&#8220;default&#8220; global_colors_info=&#8220;{}&#8220; open=&#8220;off&#8220;]<\/p>\n<p><span>Leider ist das Herunterladen der Lekt\u00fcrehilfen nicht m\u00f6glich. Die Titel sind online verf\u00fcgbar und k\u00f6nnen mit einer Internetverbindung und einem Endger\u00e4t wie Computer, Tablet oder Smartphone abgerufen werden.<\/span><\/p>\n<p>[\/et_pb_accordion_item][et_pb_accordion_item title=&#8220;Wie erhalte ich Zugriff auf einen kompletten Titel?&#8220; _builder_version=&#8220;4.16&#8243; _module_preset=&#8220;default&#8220; global_colors_info=&#8220;{}&#8220; open=&#8220;off&#8220;]<\/p>\n<p><span>Zugriff auf einen kompletten Titel erh\u00e4ltst du, wenn du einen Einzelkauf durchgef\u00fchrt hast. Wenn du Zugriff auf alle Titel, die auf dem Portal verf\u00fcgbar sind, erhalten m\u00f6chtest, musst du ein Abonnement abschlie\u00dfen. Um dir ein Bild von allen Titeln machen zu k\u00f6nnen, ist die Schnell\u00fcbersicht grunds\u00e4tzlich kostenlos einsehbar.<\/span><\/p>\n<p>[\/et_pb_accordion_item][\/et_pb_accordion][et_pb_text _builder_version=&#8220;4.16&#8243; _module_preset=&#8220;default&#8220; custom_margin=&#8220;60px|||||&#8220; global_colors_info=&#8220;{}&#8220;]<\/p>\n<h2>Abonnement<\/h2>\n<p>[\/et_pb_text][et_pb_accordion _builder_version=&#8220;4.21.0&#8243; _module_preset=&#8220;default&#8220; global_colors_info=&#8220;{}&#8220;][et_pb_accordion_item title=&#8220;Welche Vorteile hat ein Abonnement?&#8220; open=&#8220;on&#8220; _builder_version=&#8220;4.16&#8243; _module_preset=&#8220;default&#8220; global_colors_info=&#8220;{}&#8220;]<\/p>\n<p><span>Mit dem Abonnement des Lekt\u00fcrehilfen-Portals von K\u00f6nigs Erl\u00e4uterungen erh\u00e4ltst du Zugriff auf alle auf dem Portal verf\u00fcgbaren Titel mit den dazugeh\u00f6rigen Zusatzmaterialien.<\/span><\/p>\n<p>[\/et_pb_accordion_item][et_pb_accordion_item title=&#8220;Erneuert sich das Abonnement automatisch?&#8220; _builder_version=&#8220;4.16&#8243; _module_preset=&#8220;default&#8220; global_colors_info=&#8220;{}&#8220; open=&#8220;off&#8220;]<\/p>\n<p><span>Ja, das Abonnement erneuert sich automatisch, sofern du nicht k\u00fcndigst, um jeweils ein Monat.<\/span><\/p>\n<p>[\/et_pb_accordion_item][et_pb_accordion_item title=&#8220;Wie kann ich mein Abonnement k\u00fcndigen?&#8220; _builder_version=&#8220;4.21.0&#8243; _module_preset=&#8220;default&#8220; global_colors_info=&#8220;{}&#8220; open=&#8220;off&#8220;]<\/p>\n<p>Du kannst dein Abonnement immer zum Ende eines Monats k\u00fcndigen. Melde dich in deinem Account an und klicke einfach auf den Link: <a href=\"https:\/\/lektueren-verstehen.de\/my\/abos\">Mein Abo<\/a><\/p>\n<p>[\/et_pb_accordion_item][et_pb_accordion_item title=&#8220;Gibt es ein kostenloses Probeabo?&#8220; _builder_version=&#8220;4.16&#8243; _module_preset=&#8220;default&#8220; global_colors_info=&#8220;{}&#8220; open=&#8220;off&#8220;]<\/p>\n<p><span>Nein, wir bietet zurzeit kein kostenloses Probeabo an.<\/span><\/p>\n<p>[\/et_pb_accordion_item][\/et_pb_accordion][\/et_pb_column][\/et_pb_row][\/et_pb_section]<\/p>\n","protected":false},"excerpt":{"rendered":"<p>FAQ (H\u00e4ufig gestellte Fragen)AllgemeinF\u00fcr Lehrkr\u00e4fte bieten wir keine Sonderkonditionen an. Das Abonnement eignet sich aber besonders gut f\u00fcr Lehrende, da Zugriff auf alle verf\u00fcgbaren Titel auf dem Portal gew\u00e4hrt wird und somit uneingeschr\u00e4nkt f\u00fcr wenig Geld recherchiert werden kann.Den Newsletter kannst du unter https:\/\/seu.cleverreach.com\/f\/10202-143200\/wwu\/ abbestellen.Melde dich in deinem Account an und klicke einfach auf den [&hellip;]<\/p>\n","protected":false},"author":4,"featured_media":0,"parent":0,"menu_order":0,"comment_status":"closed","ping_status":"closed","template":"","meta":{"_et_pb_use_builder":"on","_et_pb_old_content":"","_et_gb_content_width":"","footnotes":""},"class_list":["post-960","page","type-page","status-publish","hentry"],"yoast_head":"<!-- This site is optimized with the Yoast SEO plugin v24.8.1 - https:\/\/yoast.com\/wordpress\/plugins\/seo\/ -->\n<title>FAQ - K\u00f6nigs Erl\u00e4uterungen \u2013 Infothek<\/title>\n<meta name=\"robots\" content=\"index, follow, max-snippet:-1, max-image-preview:large, max-video-preview:-1\" \/>\n<link rel=\"canonical\" href=\"https:\/\/lektueren-verstehen.de\/infothek\/faq\/\" \/>\n<meta property=\"og:locale\" content=\"de_DE\" \/>\n<meta property=\"og:type\" content=\"article\" \/>\n<meta property=\"og:title\" content=\"FAQ - K\u00f6nigs Erl\u00e4uterungen \u2013 Infothek\" \/>\n<meta property=\"og:description\" content=\"FAQ (H\u00e4ufig gestellte Fragen)AllgemeinF\u00fcr Lehrkr\u00e4fte bieten wir keine Sonderkonditionen an. Das Abonnement eignet sich aber besonders gut f\u00fcr Lehrende, da Zugriff auf alle verf\u00fcgbaren Titel auf dem Portal gew\u00e4hrt wird und somit uneingeschr\u00e4nkt f\u00fcr wenig Geld recherchiert werden kann.Den Newsletter kannst du unter https:\/\/seu.cleverreach.com\/f\/10202-143200\/wwu\/ abbestellen.Melde dich in deinem Account an und klicke einfach auf den [&hellip;]\" \/>\n<meta property=\"og:url\" content=\"https:\/\/lektueren-verstehen.de\/infothek\/faq\/\" \/>\n<meta property=\"og:site_name\" content=\"K\u00f6nigs Erl\u00e4uterungen \u2013 Infothek\" \/>\n<meta property=\"article:modified_time\" content=\"2024-10-29T16:40:58+00:00\" \/>\n<meta name=\"twitter:card\" content=\"summary_large_image\" \/>\n<meta name=\"twitter:label1\" content=\"Gesch\u00e4tzte Lesezeit\" \/>\n\t<meta name=\"twitter:data1\" content=\"3\u00a0Minuten\" \/>\n<script type=\"application\/ld+json\" class=\"yoast-schema-graph\">{\"@context\":\"https:\/\/schema.org\",\"@graph\":[{\"@type\":\"WebPage\",\"@id\":\"https:\/\/lektueren-verstehen.de\/infothek\/faq\/\",\"url\":\"https:\/\/lektueren-verstehen.de\/infothek\/faq\/\",\"name\":\"FAQ - K\u00f6nigs Erl\u00e4uterungen \u2013 Infothek\",\"isPartOf\":{\"@id\":\"https:\/\/lektueren-verstehen.de\/infothek\/#website\"},\"datePublished\":\"2021-09-09T08:34:37+00:00\",\"dateModified\":\"2024-10-29T16:40:58+00:00\",\"breadcrumb\":{\"@id\":\"https:\/\/lektueren-verstehen.de\/infothek\/faq\/#breadcrumb\"},\"inLanguage\":\"de\",\"potentialAction\":[{\"@type\":\"ReadAction\",\"target\":[\"https:\/\/lektueren-verstehen.de\/infothek\/faq\/\"]}]},{\"@type\":\"BreadcrumbList\",\"@id\":\"https:\/\/lektueren-verstehen.de\/infothek\/faq\/#breadcrumb\",\"itemListElement\":[{\"@type\":\"ListItem\",\"position\":1,\"name\":\"Home\",\"item\":\"https:\/\/lektueren-verstehen.de\/infothek\/\"},{\"@type\":\"ListItem\",\"position\":2,\"name\":\"FAQ\"}]},{\"@type\":\"WebSite\",\"@id\":\"https:\/\/lektueren-verstehen.de\/infothek\/#website\",\"url\":\"https:\/\/lektueren-verstehen.de\/infothek\/\",\"name\":\"K\u00f6nigs Erl\u00e4uterungen \u2013 Infothek\",\"description\":\"Das Lekt\u00fcrehilfe-Portal\",\"publisher\":{\"@id\":\"https:\/\/lektueren-verstehen.de\/infothek\/#organization\"},\"potentialAction\":[{\"@type\":\"SearchAction\",\"target\":{\"@type\":\"EntryPoint\",\"urlTemplate\":\"https:\/\/lektueren-verstehen.de\/infothek\/?s={search_term_string}\"},\"query-input\":{\"@type\":\"PropertyValueSpecification\",\"valueRequired\":true,\"valueName\":\"search_term_string\"}}],\"inLanguage\":\"de\"},{\"@type\":\"Organization\",\"@id\":\"https:\/\/lektueren-verstehen.de\/infothek\/#organization\",\"name\":\"C. Bange Verlag GmbH\",\"url\":\"https:\/\/lektueren-verstehen.de\/infothek\/\",\"logo\":{\"@type\":\"ImageObject\",\"inLanguage\":\"de\",\"@id\":\"https:\/\/lektueren-verstehen.de\/infothek\/#\/schema\/logo\/image\/\",\"url\":\"https:\/\/lektueren-verstehen.de\/infothek\/wp-content\/uploads\/2019\/12\/bange_logo.b74e66a0.png\",\"contentUrl\":\"https:\/\/lektueren-verstehen.de\/infothek\/wp-content\/uploads\/2019\/12\/bange_logo.b74e66a0.png\",\"width\":417,\"height\":183,\"caption\":\"C. Bange Verlag GmbH\"},\"image\":{\"@id\":\"https:\/\/lektueren-verstehen.de\/infothek\/#\/schema\/logo\/image\/\"}}]}<\/script>\n<!-- \/ Yoast SEO plugin. -->","yoast_head_json":{"title":"FAQ - K\u00f6nigs Erl\u00e4uterungen \u2013 Infothek","robots":{"index":"index","follow":"follow","max-snippet":"max-snippet:-1","max-image-preview":"max-image-preview:large","max-video-preview":"max-video-preview:-1"},"canonical":"https:\/\/lektueren-verstehen.de\/infothek\/faq\/","og_locale":"de_DE","og_type":"article","og_title":"FAQ - K\u00f6nigs Erl\u00e4uterungen \u2013 Infothek","og_description":"FAQ (H\u00e4ufig gestellte Fragen)AllgemeinF\u00fcr Lehrkr\u00e4fte bieten wir keine Sonderkonditionen an. Das Abonnement eignet sich aber besonders gut f\u00fcr Lehrende, da Zugriff auf alle verf\u00fcgbaren Titel auf dem Portal gew\u00e4hrt wird und somit uneingeschr\u00e4nkt f\u00fcr wenig Geld recherchiert werden kann.Den Newsletter kannst du unter https:\/\/seu.cleverreach.com\/f\/10202-143200\/wwu\/ abbestellen.Melde dich in deinem Account an und klicke einfach auf den [&hellip;]","og_url":"https:\/\/lektueren-verstehen.de\/infothek\/faq\/","og_site_name":"K\u00f6nigs Erl\u00e4uterungen \u2013 Infothek","article_modified_time":"2024-10-29T16:40:58+00:00","twitter_card":"summary_large_image","twitter_misc":{"Gesch\u00e4tzte Lesezeit":"3\u00a0Minuten"},"schema":{"@context":"https:\/\/schema.org","@graph":[{"@type":"WebPage","@id":"https:\/\/lektueren-verstehen.de\/infothek\/faq\/","url":"https:\/\/lektueren-verstehen.de\/infothek\/faq\/","name":"FAQ - K\u00f6nigs Erl\u00e4uterungen \u2013 Infothek","isPartOf":{"@id":"https:\/\/lektueren-verstehen.de\/infothek\/#website"},"datePublished":"2021-09-09T08:34:37+00:00","dateModified":"2024-10-29T16:40:58+00:00","breadcrumb":{"@id":"https:\/\/lektueren-verstehen.de\/infothek\/faq\/#breadcrumb"},"inLanguage":"de","potentialAction":[{"@type":"ReadAction","target":["https:\/\/lektueren-verstehen.de\/infothek\/faq\/"]}]},{"@type":"BreadcrumbList","@id":"https:\/\/lektueren-verstehen.de\/infothek\/faq\/#breadcrumb","itemListElement":[{"@type":"ListItem","position":1,"name":"Home","item":"https:\/\/lektueren-verstehen.de\/infothek\/"},{"@type":"ListItem","position":2,"name":"FAQ"}]},{"@type":"WebSite","@id":"https:\/\/lektueren-verstehen.de\/infothek\/#website","url":"https:\/\/lektueren-verstehen.de\/infothek\/","name":"K\u00f6nigs Erl\u00e4uterungen \u2013 Infothek","description":"Das Lekt\u00fcrehilfe-Portal","publisher":{"@id":"https:\/\/lektueren-verstehen.de\/infothek\/#organization"},"potentialAction":[{"@type":"SearchAction","target":{"@type":"EntryPoint","urlTemplate":"https:\/\/lektueren-verstehen.de\/infothek\/?s={search_term_string}"},"query-input":{"@type":"PropertyValueSpecification","valueRequired":true,"valueName":"search_term_string"}}],"inLanguage":"de"},{"@type":"Organization","@id":"https:\/\/lektueren-verstehen.de\/infothek\/#organization","name":"C. Bange Verlag GmbH","url":"https:\/\/lektueren-verstehen.de\/infothek\/","logo":{"@type":"ImageObject","inLanguage":"de","@id":"https:\/\/lektueren-verstehen.de\/infothek\/#\/schema\/logo\/image\/","url":"https:\/\/lektueren-verstehen.de\/infothek\/wp-content\/uploads\/2019\/12\/bange_logo.b74e66a0.png","contentUrl":"https:\/\/lektueren-verstehen.de\/infothek\/wp-content\/uploads\/2019\/12\/bange_logo.b74e66a0.png","width":417,"height":183,"caption":"C. Bange Verlag GmbH"},"image":{"@id":"https:\/\/lektueren-verstehen.de\/infothek\/#\/schema\/logo\/image\/"}}]}},"_links":{"self":[{"href":"https:\/\/lektueren-verstehen.de\/infothek\/wp-json\/wp\/v2\/pages\/960","targetHints":{"allow":["GET"]}}],"collection":[{"href":"https:\/\/lektueren-verstehen.de\/infothek\/wp-json\/wp\/v2\/pages"}],"about":[{"href":"https:\/\/lektueren-verstehen.de\/infothek\/wp-json\/wp\/v2\/types\/page"}],"author":[{"embeddable":true,"href":"https:\/\/lektueren-verstehen.de\/infothek\/wp-json\/wp\/v2\/users\/4"}],"replies":[{"embeddable":true,"href":"https:\/\/lektueren-verstehen.de\/infothek\/wp-json\/wp\/v2\/comments?post=960"}],"version-history":[{"count":12,"href":"https:\/\/lektueren-verstehen.de\/infothek\/wp-json\/wp\/v2\/pages\/960\/revisions"}],"predecessor-version":[{"id":1388,"href":"https:\/\/lektueren-verstehen.de\/infothek\/wp-json\/wp\/v2\/pages\/960\/revisions\/1388"}],"wp:attachment":[{"href":"https:\/\/lektueren-verstehen.de\/infothek\/wp-json\/wp\/v2\/media?parent=960"}],"curies":[{"name":"wp","href":"https:\/\/api.w.org\/{rel}","templated":true}]}}